{"id":70,"date":"2017-04-09T23:55:07","date_gmt":"2017-04-10T02:55:07","guid":{"rendered":"http:\/\/saolourencodaserra.sp.gov.br\/novo\/?page_id=70"},"modified":"2025-12-18T15:54:42","modified_gmt":"2025-12-18T18:54:42","slug":"procuradoria-geral","status":"publish","type":"page","link":"https:\/\/saolourencodaserra.sp.gov.br\/novo\/procuradoria-geral\/","title":{"rendered":"Procuradoria Geral"},"content":{"rendered":"<h3>Procuradoria Geral do Munic\u00edpio<\/h3>\n<p style=\"text-align: justify;\">\n\t<script type=\"text\/javascript\">\tjQuery(document).ready(function($){\tjQuery(\"ul.tabs-nav\").tabs(\"> .pane\"); }); <\/script>\n\n\t\t<div class=\"post-tabs\">\n\t\t<ul class=\"tabs-nav\"><li>Procuradoria Geral<\/li><li>Contato<\/li><\/ul>\n\t\t<div class=\"pane\">\n\t\tO <strong>Procurador Geral do Munic\u00edpio<\/strong> \u00e9 o profissional da <strong>\u00c1rea Jur\u00eddica<\/strong> que atua de forma integrada na consecu\u00e7\u00e3o dos objetivos e metas a ela relacionados, em conformidade com as diretrizes, normas e instru\u00e7\u00f5es que demandem a\u00e7\u00e3o governamental conjunta com os demais \u00f3rg\u00e3os da Administra\u00e7\u00e3o P\u00fablica, de modo a obter a sua integra\u00e7\u00e3o interna e externa, sempre norteada pelos princ\u00edpios constitucionais da legalidade, impessoalidade, moralidade, publicidade e efici\u00eancia.<\/p>\n<p style=\"text-align: justify;\">Assim sendo, pode-se concluir que a <strong>Procuradoria Geral do Munic\u00edpio<\/strong> \u00e9 \u00f3rg\u00e3o consultivo, integrante da Administra\u00e7\u00e3o P\u00fablica direta da Prefeitura Municipal de S\u00e3o Louren\u00e7o da Serra, que tem por finalidade a representa\u00e7\u00e3o e assessoramento jur\u00eddico da municipalidade e a observ\u00e2ncia de decis\u00f5es judiciais e disposi\u00e7\u00f5es legais do Munic\u00edpio.<br \/>\n\n\t\t<\/div>\n\t\n\t\t<div class=\"pane\">\n\t\t\n<p>&nbsp;<\/p>\n<p style=\"text-align: justify;\"><strong>Respons\u00e1vel:<\/strong> Junio Cesar da Silva Eduardo<\/p>\n<p><strong>Prefeitura de S\u00e3o Louren\u00e7o da Serra<\/strong><br \/>\n<strong>Endere\u00e7o:<\/strong> Pra\u00e7a 10 de Agosto, 305 &#8211; Centro<br \/>\nS\u00e3o Louren\u00e7o da Serra\/SP &#8211; CEP: 06890-000<br \/>\n<strong>Expediente:<\/strong> 8h \u00e0s 17h<br \/>\n<strong>Fone\/Fax:<\/strong> (11) 4687-2700\n\t\t<\/div>\n\t\n\t\t<\/div>\n\t\n<div id=\"vfb-form-16\" class=\"visual-form-builder-container\"><form id=\"procuradoria-geral-16\" class=\"visual-form-builder vfb-form-16 \" method=\"post\" enctype=\"multipart\/form-data\">\n\t\t\t<input type=\"hidden\" name=\"form_id\" value=\"16\" \/><fieldset class=\"vfb-fieldset vfb-fieldset-1 fale-conosco-procuradoria-geral \" id=\"item-vfb-95\"><div class=\"vfb-legend\"><h3>Fale conosco - Procuradoria Geral<\/h3><\/div><ul class=\"vfb-section vfb-section-1\"><li class=\"vfb-item vfb-item-text  \" id=\"item-vfb-99\"><label for=\"vfb-99\" class=\"vfb-desc\">Nome completo  <span class=\"vfb-required-asterisk\">*<\/span><\/label><input type=\"text\" name=\"vfb-99\" id=\"vfb-99\" value=\"\" class=\"vfb-text  vfb-medium  required  \" \/><\/li><li class=\"vfb-item vfb-item-text  \" id=\"item-vfb-100\"><label for=\"vfb-100\" class=\"vfb-desc\">Telefone\/Celular  <span class=\"vfb-required-asterisk\">*<\/span><\/label><input type=\"text\" name=\"vfb-100\" id=\"vfb-100\" value=\"\" class=\"vfb-text  vfb-medium  required  \" \/><\/li><li class=\"vfb-item vfb-item-email  \" id=\"item-vfb-101\"><label for=\"vfb-101\" class=\"vfb-desc\">Email <\/label><input type=\"email\" name=\"vfb-101\" id=\"vfb-101\" value=\"\" class=\"vfb-text  vfb-medium   email \" \/><\/li><li class=\"vfb-item vfb-item-textarea  \" id=\"item-vfb-102\"><label for=\"vfb-102\" class=\"vfb-desc\">Assunto  <span class=\"vfb-required-asterisk\">*<\/span><\/label><div><textarea name=\"vfb-102\" id=\"vfb-102\" class=\"vfb-textarea  vfb-medium  required \"><\/textarea><\/div><\/li><\/ul>&nbsp;<\/fieldset><fieldset class=\"vfb-fieldset vfb-fieldset-2 verificacao \" id=\"item-vfb-96\" style=\"display:block\"><div class=\"vfb-legend\"><h3>Verifica\u00e7\u00e3o<\/h3><\/div><ul class=\"vfb-section vfb-section-2\"><li class=\"vfb-item vfb-item-secret\"  style=\"display:block\"><label for=\"vfb-97\" class=\"vfb-desc\">Insira ao menos 2 d\u00edgitos<\/label><input type=\"hidden\" name=\"_vfb-required-secret\" value=\"0\" \/><input type=\"hidden\" name=\"_vfb-secret\" value=\"vfb-97\" \/><span class=\"vfb-span\"><input type=\"text\" name=\"vfb-97\" id=\"vfb-97\" value=\"\" class=\"vfb-text  vfb-medium  {digits:true,maxlength:2,minlength:2} \" style=\"display:block\" \/><label>Exemplo: 12<\/label><\/span><li style=\"display:none;\"><label>This box is for spam protection - <strong>please leave it blank<\/strong>:<\/label><div><input name=\"vfb-spam\" \/><\/div><\/li>\n\t\t\t<li class=\"vfb-item vfb-item-submit\" id=\"item-vfb-98\">\n\t\t\t\t\t\t<input type=\"submit\" name=\"vfb-submit\" id=\"vfb-98\" value=\"Enviar\" class=\"vfb-submit \" \/>\n\t\t\t\t\t\t<\/li><\/ul>\n\t\t\t<\/fieldset><input type=\"hidden\" name=\"_wp_http_referer\" value=\"\/novo\/wp-json\/wp\/v2\/pages\/70\" \/><\/form><\/div> <!-- .visual-form-builder-container -->\n","protected":false},"excerpt":{"rendered":"<p>Procuradoria Geral do Munic\u00edpio<\/p>\n","protected":false},"author":1,"featured_media":0,"parent":0,"menu_order":0,"comment_status":"closed","ping_status":"closed","template":"","meta":[],"_links":{"self":[{"href":"https:\/\/saolourencodaserra.sp.gov.br\/novo\/wp-json\/wp\/v2\/pages\/70"}],"collection":[{"href":"https:\/\/saolourencodaserra.sp.gov.br\/novo\/wp-json\/wp\/v2\/pages"}],"about":[{"href":"https:\/\/saolourencodaserra.sp.gov.br\/novo\/wp-json\/wp\/v2\/types\/page"}],"author":[{"embeddable":true,"href":"https:\/\/saolourencodaserra.sp.gov.br\/novo\/wp-json\/wp\/v2\/users\/1"}],"replies":[{"embeddable":true,"href":"https:\/\/saolourencodaserra.sp.gov.br\/novo\/wp-json\/wp\/v2\/comments?post=70"}],"version-history":[{"count":0,"href":"https:\/\/saolourencodaserra.sp.gov.br\/novo\/wp-json\/wp\/v2\/pages\/70\/revisions"}],"wp:attachment":[{"href":"https:\/\/saolourencodaserra.sp.gov.br\/novo\/wp-json\/wp\/v2\/media?parent=70"}],"curies":[{"name":"wp","href":"https:\/\/api.w.org\/{rel}","templated":true}]}}