{"id":60,"date":"2017-04-09T23:53:20","date_gmt":"2017-04-10T02:53:20","guid":{"rendered":"http:\/\/saolourencodaserra.sp.gov.br\/novo\/?page_id=60"},"modified":"2024-10-25T15:47:33","modified_gmt":"2024-10-25T18:47:33","slug":"saude","status":"publish","type":"page","link":"https:\/\/saolourencodaserra.sp.gov.br\/novo\/diretorias\/saude\/","title":{"rendered":"Secretaria de Sa\u00fade"},"content":{"rendered":"\n\t<script type=\"text\/javascript\">\tjQuery(document).ready(function($){\tjQuery(\"ul.tabs-nav\").tabs(\"> .pane\"); }); <\/script>\n\n\t\t<div class=\"post-tabs\">\n\t\t<ul class=\"tabs-nav\"><li>Sa\u00fade<\/li><li>Contato<\/li><\/ul>\n\t\t<div class=\"pane\">\n\t\tA <strong>Diretoria de Sa\u00fade<\/strong> do <strong>Munic\u00edpio de S\u00e3o Louren\u00e7o da Serra<\/strong> tem dentre suas principais atribui\u00e7\u00f5es:<br \/>\n&#8211; Atuar em conson\u00e2ncia com as diretrizes e os princ\u00edpios do Sistema \u00danico de Sa\u00fade, articulando-se com as dire\u00e7\u00f5es federal, estadual e municipal;<br \/>\n&#8211; A programa\u00e7\u00e3o, elabora\u00e7\u00e3o e execu\u00e7\u00e3o da pol\u00edtica de sa\u00fade do munic\u00edpio atrav\u00e9s da implementa\u00e7\u00e3o do Sistema Municipal de Sa\u00fade e do desenvolvimento de a\u00e7\u00f5es de promo\u00e7\u00e3o, prote\u00e7\u00e3o e recupera\u00e7\u00e3o da sa\u00fade da popula\u00e7\u00e3o com a realiza\u00e7\u00e3o integrada de atividades assistenciais e preventivas;<br \/>\n&#8211; A assist\u00eancia farmac\u00eautica com a formula\u00e7\u00e3o da pol\u00edtica para fornecimento de medicamentos, imunobiol\u00f3gicos e outros insumos;<br \/>\n&#8211; A promo\u00e7\u00e3o de campanhas de esclarecimento, objetivando a preserva\u00e7\u00e3o da sa\u00fade da popula\u00e7\u00e3o;<br \/>\n&#8211; A execu\u00e7\u00e3o de a\u00e7\u00f5es de vigil\u00e2ncia epidemiol\u00f3gica, sanit\u00e1ria e sa\u00fade do trabalhador;<br \/>\n&#8211; A presta\u00e7\u00e3o de servi\u00e7os m\u00e9dicos e ambulatoriais de urg\u00eancia e emerg\u00eancia;<br \/>\n&#8211; A execu\u00e7\u00e3o or\u00e7ament\u00e1ria de sua \u00e1rea e outras atividades correlatas.\n\t\t<\/div>\n\t\n\t\t<div class=\"pane\">\n\t\t\n<p>&nbsp;<\/p>\n<p><strong>Respons\u00e1vel:<\/strong> Michele Sales dos Santos da Silva<\/p>\n<p style=\"text-align: justify;\"><strong>Prefeitura de S\u00e3o Louren\u00e7o da Serra<\/strong><br \/>\n<strong>Endere\u00e7o:<\/strong> Pra\u00e7a 10 de Agosto, 305 &#8211; Centro<br \/>\nS\u00e3o Louren\u00e7o da Serra\/SP &#8211; CEP: 06890-000<br \/>\n<strong>Expediente:<\/strong> 8h \u00e0s 17h<br \/>\n<strong>Fone:<\/strong> (11) 4687-2700 \n\t\t<\/div>\n\t\n\t\t<\/div>\n\t\n<div id=\"vfb-form-11\" class=\"visual-form-builder-container\"><form id=\"saude-11\" class=\"visual-form-builder vfb-form-11 \" method=\"post\" enctype=\"multipart\/form-data\">\n\t\t\t<input type=\"hidden\" name=\"form_id\" value=\"11\" \/><fieldset class=\"vfb-fieldset vfb-fieldset-1 fale-conosco-saude \" id=\"item-vfb-55\"><div class=\"vfb-legend\"><h3>Fale conosco - Sa\u00fade<\/h3><\/div><ul class=\"vfb-section vfb-section-1\"><li class=\"vfb-item vfb-item-text  \" id=\"item-vfb-59\"><label for=\"vfb-59\" class=\"vfb-desc\">Nome completo  <span class=\"vfb-required-asterisk\">*<\/span><\/label><input type=\"text\" name=\"vfb-59\" id=\"vfb-59\" value=\"\" class=\"vfb-text  vfb-medium  required  \" \/><\/li><li class=\"vfb-item vfb-item-text  \" id=\"item-vfb-60\"><label for=\"vfb-60\" class=\"vfb-desc\">Telefone\/Celular  <span class=\"vfb-required-asterisk\">*<\/span><\/label><input type=\"text\" name=\"vfb-60\" id=\"vfb-60\" value=\"\" class=\"vfb-text  vfb-medium  required  \" \/><\/li><li class=\"vfb-item vfb-item-email  \" id=\"item-vfb-61\"><label for=\"vfb-61\" class=\"vfb-desc\">Email <\/label><input type=\"email\" name=\"vfb-61\" id=\"vfb-61\" value=\"\" class=\"vfb-text  vfb-medium   email \" \/><\/li><li class=\"vfb-item vfb-item-textarea  \" id=\"item-vfb-62\"><label for=\"vfb-62\" class=\"vfb-desc\">Assunto  <span class=\"vfb-required-asterisk\">*<\/span><\/label><div><textarea name=\"vfb-62\" id=\"vfb-62\" class=\"vfb-textarea  vfb-medium  required \"><\/textarea><\/div><\/li><\/ul>&nbsp;<\/fieldset><fieldset class=\"vfb-fieldset vfb-fieldset-2 verificacao \" id=\"item-vfb-56\" style=\"display:block\"><div class=\"vfb-legend\"><h3>Verifica\u00e7\u00e3o<\/h3><\/div><ul class=\"vfb-section vfb-section-2\"><li class=\"vfb-item vfb-item-secret\"  style=\"display:block\"><label for=\"vfb-57\" class=\"vfb-desc\">Insira ao menos 2 d\u00edgitos<\/label><input type=\"hidden\" name=\"_vfb-required-secret\" value=\"0\" \/><input type=\"hidden\" name=\"_vfb-secret\" value=\"vfb-57\" \/><span class=\"vfb-span\"><input type=\"text\" name=\"vfb-57\" id=\"vfb-57\" value=\"\" class=\"vfb-text  vfb-medium  {digits:true,maxlength:2,minlength:2} \" style=\"display:block\" \/><label>Exemplo: 12<\/label><\/span><li style=\"display:none;\"><label>This box is for spam protection - <strong>please leave it blank<\/strong>:<\/label><div><input name=\"vfb-spam\" \/><\/div><\/li>\n\t\t\t<li class=\"vfb-item vfb-item-submit\" id=\"item-vfb-58\">\n\t\t\t\t\t\t<input type=\"submit\" name=\"vfb-submit\" id=\"vfb-58\" value=\"Enviar\" class=\"vfb-submit \" \/>\n\t\t\t\t\t\t<\/li><\/ul>\n\t\t\t<\/fieldset><input type=\"hidden\" name=\"_wp_http_referer\" value=\"\/novo\/wp-json\/wp\/v2\/pages\/60\" \/><\/form><\/div> <!-- .visual-form-builder-container -->\n","protected":false},"excerpt":{"rendered":"","protected":false},"author":1,"featured_media":0,"parent":15,"menu_order":0,"comment_status":"closed","ping_status":"closed","template":"template-blog.php","meta":[],"_links":{"self":[{"href":"https:\/\/saolourencodaserra.sp.gov.br\/novo\/wp-json\/wp\/v2\/pages\/60"}],"collection":[{"href":"https:\/\/saolourencodaserra.sp.gov.br\/novo\/wp-json\/wp\/v2\/pages"}],"about":[{"href":"https:\/\/saolourencodaserra.sp.gov.br\/novo\/wp-json\/wp\/v2\/types\/page"}],"author":[{"embeddable":true,"href":"https:\/\/saolourencodaserra.sp.gov.br\/novo\/wp-json\/wp\/v2\/users\/1"}],"replies":[{"embeddable":true,"href":"https:\/\/saolourencodaserra.sp.gov.br\/novo\/wp-json\/wp\/v2\/comments?post=60"}],"version-history":[{"count":0,"href":"https:\/\/saolourencodaserra.sp.gov.br\/novo\/wp-json\/wp\/v2\/pages\/60\/revisions"}],"up":[{"embeddable":true,"href":"https:\/\/saolourencodaserra.sp.gov.br\/novo\/wp-json\/wp\/v2\/pages\/15"}],"wp:attachment":[{"href":"https:\/\/saolourencodaserra.sp.gov.br\/novo\/wp-json\/wp\/v2\/media?parent=60"}],"curies":[{"name":"wp","href":"https:\/\/api.w.org\/{rel}","templated":true}]}}