{"id":385,"date":"2017-04-28T20:56:55","date_gmt":"2017-04-28T23:56:55","guid":{"rendered":"http:\/\/saolourencodaserra.sp.gov.br\/novo\/?page_id=385"},"modified":"2024-11-21T14:12:04","modified_gmt":"2024-11-21T17:12:04","slug":"administracao","status":"publish","type":"page","link":"https:\/\/saolourencodaserra.sp.gov.br\/novo\/diretorias\/administracao\/","title":{"rendered":"Secretaria de Administra\u00e7\u00e3o"},"content":{"rendered":"<p style=\"text-align: justify;\">\n\t<script type=\"text\/javascript\">\tjQuery(document).ready(function($){\tjQuery(\"ul.tabs-nav\").tabs(\"> .pane\"); }); <\/script>\n\n\t\t<div class=\"post-tabs\">\n\t\t<ul class=\"tabs-nav\"><li>Administra\u00e7\u00e3o<\/li><li>Contato<\/li><\/ul>\n\t\t<div class=\"pane\">\n\t\t<span id=\"cch_f1eec022d365bba\" class=\"_mh6 _wsc\"><span class=\"_3oh- _58nk\">\u00c9 atribui\u00e7\u00e3o da <strong>Diretoria de Administra\u00e7\u00e3o<\/strong>:<br \/>\n&#8211; Prestar aux\u00edlio ao Prefeito e demais \u00f3rg\u00e3os nos assuntos relacionados \u00e0 formula\u00e7\u00e3o, coordena\u00e7\u00e3o e acompanhamento do cumprimento das metas de governo relacionadas \u00e0 sua secretaria;<br \/>\n&#8211; Gest\u00e3o das atividades de administra\u00e7\u00e3o em geral;<br \/>\n&#8211; Preparar, redigir, expedir e registrar os atos oficiais de compet\u00eancia do prefeito.<\/span><\/span>\n\t\t<\/div>\n\t\n\t\t<div class=\"pane\">\n\t\t\n<p style=\"text-align: justify;\"><strong>Respons\u00e1vel:<\/strong> Kleber Gomes de Oliveira<\/p>\n<p><strong>Prefeitura de S\u00e3o Louren\u00e7o da Serra<\/strong><br \/>\n<strong>Endere\u00e7o:<\/strong> Pra\u00e7a 10 de Agosto, 305 &#8211; Centro<br \/>\nS\u00e3o Louren\u00e7o da Serra\/SP &#8211; CEP: 06890-000<br \/>\n<strong>Expediente:<\/strong> 8h \u00e0s 17h<br \/>\n<strong>Fone:<\/strong> (11) 4687-2700\n\t\t<\/div>\n\t\n\t\t<\/div>\n\t\n<div id=\"vfb-form-23\" class=\"visual-form-builder-container\"><form id=\"administracao-23\" class=\"visual-form-builder vfb-form-23 \" method=\"post\" enctype=\"multipart\/form-data\">\n\t\t\t<input type=\"hidden\" name=\"form_id\" value=\"23\" \/><fieldset class=\"vfb-fieldset vfb-fieldset-1 administracao \" id=\"item-vfb-188\"><div class=\"vfb-legend\"><h3>Administra\u00e7\u00e3o<\/h3><\/div><ul class=\"vfb-section vfb-section-1\"><li class=\"vfb-item vfb-item-text  \" id=\"item-vfb-192\"><label for=\"vfb-192\" class=\"vfb-desc\">Nome completo  <span class=\"vfb-required-asterisk\">*<\/span><\/label><input type=\"text\" name=\"vfb-192\" id=\"vfb-192\" value=\"\" class=\"vfb-text  vfb-medium  required  \" \/><\/li><li class=\"vfb-item vfb-item-text  \" id=\"item-vfb-193\"><label for=\"vfb-193\" class=\"vfb-desc\">Telefone\/Celular  <span class=\"vfb-required-asterisk\">*<\/span><\/label><input type=\"text\" name=\"vfb-193\" id=\"vfb-193\" value=\"\" class=\"vfb-text  vfb-medium  required  \" \/><\/li><li class=\"vfb-item vfb-item-email  \" id=\"item-vfb-194\"><label for=\"vfb-194\" class=\"vfb-desc\">Email <\/label><input type=\"email\" name=\"vfb-194\" id=\"vfb-194\" value=\"\" class=\"vfb-text  vfb-medium   email \" \/><\/li><li class=\"vfb-item vfb-item-text  \" id=\"item-vfb-195\"><label for=\"vfb-195\" class=\"vfb-desc\">Assunto <\/label><input type=\"text\" name=\"vfb-195\" id=\"vfb-195\" value=\"\" class=\"vfb-text  vfb-medium   \" \/><\/li><li class=\"vfb-item vfb-item-textarea  \" id=\"item-vfb-196\"><label for=\"vfb-196\" class=\"vfb-desc\">O que deseja?  <span class=\"vfb-required-asterisk\">*<\/span><\/label><div><textarea name=\"vfb-196\" id=\"vfb-196\" class=\"vfb-textarea  vfb-medium  required \"><\/textarea><\/div><\/li><\/ul>&nbsp;<\/fieldset><fieldset class=\"vfb-fieldset vfb-fieldset-2 verificacao \" id=\"item-vfb-189\" style=\"display:block\"><div class=\"vfb-legend\"><h3>Verifica\u00e7\u00e3o<\/h3><\/div><ul class=\"vfb-section vfb-section-2\"><li class=\"vfb-item vfb-item-secret\"  style=\"display:block\"><label for=\"vfb-190\" class=\"vfb-desc\">Insira ao menos 2 d\u00edgitos<\/label><input type=\"hidden\" name=\"_vfb-required-secret\" value=\"0\" \/><input type=\"hidden\" name=\"_vfb-secret\" value=\"vfb-190\" \/><span class=\"vfb-span\"><input type=\"text\" name=\"vfb-190\" id=\"vfb-190\" value=\"\" class=\"vfb-text  vfb-medium  {digits:true,maxlength:2,minlength:2} \" style=\"display:block\" \/><label>Exemplo: 12<\/label><\/span><li style=\"display:none;\"><label>This box is for spam protection - <strong>please leave it blank<\/strong>:<\/label><div><input name=\"vfb-spam\" \/><\/div><\/li>\n\t\t\t<li class=\"vfb-item vfb-item-submit\" id=\"item-vfb-191\">\n\t\t\t\t\t\t<input type=\"submit\" name=\"vfb-submit\" id=\"vfb-191\" value=\"Enviar\" class=\"vfb-submit \" \/>\n\t\t\t\t\t\t<\/li><\/ul>\n\t\t\t<\/fieldset><input type=\"hidden\" name=\"_wp_http_referer\" value=\"\/novo\/wp-json\/wp\/v2\/pages\/385\" \/><\/form><\/div> <!-- .visual-form-builder-container -->\n","protected":false},"excerpt":{"rendered":"","protected":false},"author":1,"featured_media":0,"parent":15,"menu_order":0,"comment_status":"closed","ping_status":"closed","template":"","meta":[],"_links":{"self":[{"href":"https:\/\/saolourencodaserra.sp.gov.br\/novo\/wp-json\/wp\/v2\/pages\/385"}],"collection":[{"href":"https:\/\/saolourencodaserra.sp.gov.br\/novo\/wp-json\/wp\/v2\/pages"}],"about":[{"href":"https:\/\/saolourencodaserra.sp.gov.br\/novo\/wp-json\/wp\/v2\/types\/page"}],"author":[{"embeddable":true,"href":"https:\/\/saolourencodaserra.sp.gov.br\/novo\/wp-json\/wp\/v2\/users\/1"}],"replies":[{"embeddable":true,"href":"https:\/\/saolourencodaserra.sp.gov.br\/novo\/wp-json\/wp\/v2\/comments?post=385"}],"version-history":[{"count":0,"href":"https:\/\/saolourencodaserra.sp.gov.br\/novo\/wp-json\/wp\/v2\/pages\/385\/revisions"}],"up":[{"embeddable":true,"href":"https:\/\/saolourencodaserra.sp.gov.br\/novo\/wp-json\/wp\/v2\/pages\/15"}],"wp:attachment":[{"href":"https:\/\/saolourencodaserra.sp.gov.br\/novo\/wp-json\/wp\/v2\/media?parent=385"}],"curies":[{"name":"wp","href":"https:\/\/api.w.org\/{rel}","templated":true}]}}