{"id":68,"date":"2017-04-09T23:54:50","date_gmt":"2017-04-10T02:54:50","guid":{"rendered":"http:\/\/saolourencodaserra.sp.gov.br\/novo\/?page_id=68"},"modified":"2024-10-25T16:10:42","modified_gmt":"2024-10-25T19:10:42","slug":"promocao-social","status":"publish","type":"page","link":"http:\/\/saolourencodaserra.sp.gov.br\/novo\/diretorias\/promocao-social\/","title":{"rendered":"Secretaria de Promo\u00e7\u00e3o Social"},"content":{"rendered":"<p style=\"text-align: justify;\">\n\t<script type=\"text\/javascript\">\tjQuery(document).ready(function($){\tjQuery(\"ul.tabs-nav\").tabs(\"> .pane\"); }); <\/script>\n\n\t\t<div class=\"post-tabs\">\n\t\t<ul class=\"tabs-nav\"><li>Promo\u00e7\u00e3o Social<\/li><li>Contato<\/li><\/ul>\n\t\t<div class=\"pane\">\n\t\tCabe \u00e0 <strong>Promo\u00e7\u00e3o Social<\/strong>:<br \/>\n&#8211; Coordenar o conjunto de servi\u00e7os da pol\u00edtica p\u00fablica de assist\u00eancia social de combate \u00e0 pobreza e de promo\u00e7\u00e3o do trabalho;<br \/>\n&#8211; Idealizar, planejar e executar a\u00e7\u00f5es e servi\u00e7os que visem a promo\u00e7\u00e3o e a prote\u00e7\u00e3o social dos mun\u00edcipes, propiciando o acesso de todo o mun\u00edcipe \u00e0 assist\u00eancia social e \u00e0 cidadania;<br \/>\n&#8211; Fomentar pol\u00edticas voltadas para gera\u00e7\u00e3o de trabalho e renda;<br \/>\n&#8211; Trabalhar em prol da qualifica\u00e7\u00e3o profissional dos mun\u00edcipes, em conformidade com as leis pertinentes, implantando pol\u00edticas objetivas de qualifica\u00e7\u00e3o profissional visando o atendimento do mercado de trabalho;<br \/>\n&#8211; Elaborar, executar, incentivar e desenvolver programas e projetos em defesa dos direitos da mulher, do idoso, da crian\u00e7a, do adolescente, pessoas com necessidades especiais e fam\u00edlias em situa\u00e7\u00e3o de vulnerabilidade, em concord\u00e2ncia com as leis pertinentes;<br \/>\n&#8211; Gerenciar recursos financeiros dispon\u00edveis que ser\u00e3o aplicados nas a\u00e7\u00f5es idealizadas, bem como arrecadar, catalogar, organizar e distribuir doa\u00e7\u00f5es oriundas de programas beneficentes;<br \/>\n&#8211; Normatizar e organizar o armazenamento e a distribui\u00e7\u00e3o de materiais utilizados na execu\u00e7\u00e3o das a\u00e7\u00f5es planejadas;<br \/>\n&#8211; Propor e gerenciar conv\u00eanios com institui\u00e7\u00f5es p\u00fablicas, privadas ou organiza\u00e7\u00e3o da sociedade civil de acordo com os objetivos do programa de assist\u00eancia social;<br \/>\n&#8211; Elaborar, executar, incentivar e desenvolver programas de esclarecimentos e defesa dos direitos da mulher, da comunidade negra, do idoso, da crian\u00e7a e adolescente, das pessoas portadoras de necessidades especiais e da juventude no \u00e2mbito da administra\u00e7\u00e3o municipal de acordo com as orienta\u00e7\u00f5es e delibera\u00e7\u00f5es de seus respectivos conselhos;\n\t\t<\/div>\n\t\n\t\t<div class=\"pane\">\n\t\t\n<p style=\"text-align: justify;\"><strong>Respons\u00e1vel: Paulo Alexandre Lion<\/strong><\/p>\n<p><strong>Prefeitura de S\u00e3o Louren\u00e7o da Serra<\/strong><br \/>\n<strong>Endere\u00e7o:<\/strong> Pra\u00e7a 10 de Agosto, 305 &#8211; Centro<br \/>\nS\u00e3o Louren\u00e7o da Serra\/SP &#8211; CEP: 06890-000<br \/>\n<strong>Expediente:<\/strong> 8h \u00e0s 17h<br \/>\n<strong>Fone:<\/strong> (11) 4687-2700 \/ (11) 4686-3636 \/ (11) 4686-3638\n\t\t<\/div>\n\t\n\t\t<\/div>\n\t\n<div id=\"vfb-form-15\" class=\"visual-form-builder-container\"><form id=\"promocao-social-15\" class=\"visual-form-builder vfb-form-15 \" method=\"post\" enctype=\"multipart\/form-data\">\n\t\t\t<input type=\"hidden\" name=\"form_id\" value=\"15\" \/><fieldset class=\"vfb-fieldset vfb-fieldset-1 fale-conosco-promocao-social \" id=\"item-vfb-87\"><div class=\"vfb-legend\"><h3>Fale conosco - Promo\u00e7\u00e3o Social<\/h3><\/div><ul class=\"vfb-section vfb-section-1\"><li class=\"vfb-item vfb-item-text  \" id=\"item-vfb-91\"><label for=\"vfb-91\" class=\"vfb-desc\">Nome completo  <span class=\"vfb-required-asterisk\">*<\/span><\/label><input type=\"text\" name=\"vfb-91\" id=\"vfb-91\" value=\"\" class=\"vfb-text  vfb-medium  required  \" \/><\/li><li class=\"vfb-item vfb-item-text  \" id=\"item-vfb-92\"><label for=\"vfb-92\" class=\"vfb-desc\">Telefone\/Celular  <span class=\"vfb-required-asterisk\">*<\/span><\/label><input type=\"text\" name=\"vfb-92\" id=\"vfb-92\" value=\"\" class=\"vfb-text  vfb-medium  required  \" \/><\/li><li class=\"vfb-item vfb-item-email  \" id=\"item-vfb-93\"><label for=\"vfb-93\" class=\"vfb-desc\">Email <\/label><input type=\"email\" name=\"vfb-93\" id=\"vfb-93\" value=\"\" class=\"vfb-text  vfb-medium   email \" \/><\/li><li class=\"vfb-item vfb-item-textarea  \" id=\"item-vfb-94\"><label for=\"vfb-94\" class=\"vfb-desc\">Assunto  <span class=\"vfb-required-asterisk\">*<\/span><\/label><div><textarea name=\"vfb-94\" id=\"vfb-94\" class=\"vfb-textarea  vfb-medium  required \"><\/textarea><\/div><\/li><\/ul>&nbsp;<\/fieldset><fieldset class=\"vfb-fieldset vfb-fieldset-2 verificacao \" id=\"item-vfb-88\" style=\"display:block\"><div class=\"vfb-legend\"><h3>Verifica\u00e7\u00e3o<\/h3><\/div><ul class=\"vfb-section vfb-section-2\"><li class=\"vfb-item vfb-item-secret\"  style=\"display:block\"><label for=\"vfb-89\" class=\"vfb-desc\">Insira ao menos 2 d\u00edgitos<\/label><input type=\"hidden\" name=\"_vfb-required-secret\" value=\"0\" \/><input type=\"hidden\" name=\"_vfb-secret\" value=\"vfb-89\" \/><span class=\"vfb-span\"><input type=\"text\" name=\"vfb-89\" id=\"vfb-89\" value=\"\" class=\"vfb-text  vfb-medium  {digits:true,maxlength:2,minlength:2} \" style=\"display:block\" \/><label>Exemplo: 12<\/label><\/span><li style=\"display:none;\"><label>This box is for spam protection - <strong>please leave it blank<\/strong>:<\/label><div><input name=\"vfb-spam\" \/><\/div><\/li>\n\t\t\t<li class=\"vfb-item vfb-item-submit\" id=\"item-vfb-90\">\n\t\t\t\t\t\t<input type=\"submit\" name=\"vfb-submit\" id=\"vfb-90\" value=\"Enviar\" class=\"vfb-submit \" \/>\n\t\t\t\t\t\t<\/li><\/ul>\n\t\t\t<\/fieldset><input type=\"hidden\" name=\"_wp_http_referer\" value=\"\/novo\/wp-json\/wp\/v2\/pages\/68\" \/><\/form><\/div> <!-- .visual-form-builder-container -->\n","protected":false},"excerpt":{"rendered":"","protected":false},"author":1,"featured_media":0,"parent":15,"menu_order":0,"comment_status":"closed","ping_status":"closed","template":"template-blog.php","meta":[],"_links":{"self":[{"href":"http:\/\/saolourencodaserra.sp.gov.br\/novo\/wp-json\/wp\/v2\/pages\/68"}],"collection":[{"href":"http:\/\/saolourencodaserra.sp.gov.br\/novo\/wp-json\/wp\/v2\/pages"}],"about":[{"href":"http:\/\/saolourencodaserra.sp.gov.br\/novo\/wp-json\/wp\/v2\/types\/page"}],"author":[{"embeddable":true,"href":"http:\/\/saolourencodaserra.sp.gov.br\/novo\/wp-json\/wp\/v2\/users\/1"}],"replies":[{"embeddable":true,"href":"http:\/\/saolourencodaserra.sp.gov.br\/novo\/wp-json\/wp\/v2\/comments?post=68"}],"version-history":[{"count":0,"href":"http:\/\/saolourencodaserra.sp.gov.br\/novo\/wp-json\/wp\/v2\/pages\/68\/revisions"}],"up":[{"embeddable":true,"href":"http:\/\/saolourencodaserra.sp.gov.br\/novo\/wp-json\/wp\/v2\/pages\/15"}],"wp:attachment":[{"href":"http:\/\/saolourencodaserra.sp.gov.br\/novo\/wp-json\/wp\/v2\/media?parent=68"}],"curies":[{"name":"wp","href":"https:\/\/api.w.org\/{rel}","templated":true}]}}