{"id":64,"date":"2017-04-09T23:54:07","date_gmt":"2017-04-10T02:54:07","guid":{"rendered":"http:\/\/saolourencodaserra.sp.gov.br\/novo\/?page_id=64"},"modified":"2024-11-21T11:12:24","modified_gmt":"2024-11-21T14:12:24","slug":"financeiro","status":"publish","type":"page","link":"http:\/\/saolourencodaserra.sp.gov.br\/novo\/diretorias\/financeiro\/","title":{"rendered":"Secretaria de Finan\u00e7as"},"content":{"rendered":"<p style=\"text-align: justify;\">\n\t<script type=\"text\/javascript\">\tjQuery(document).ready(function($){\tjQuery(\"ul.tabs-nav\").tabs(\"> .pane\"); }); <\/script>\n\n\t\t<div class=\"post-tabs\">\n\t\t<ul class=\"tabs-nav\"><li>Finaceiro<\/li><li>Contato<\/li><\/ul>\n\t\t<div class=\"pane\">\n\t\tO\u00a0<strong>Diretor Financeiro<\/strong> \u00e9 respons\u00e1vel por gerenciar os departamentos cont\u00e1beis e financeiros desenvolvendo normas internas, processos e procedimentos de finan\u00e7as. Ele supervisiona todas as fun\u00e7\u00f5es de suporte administrativo e financeiro.<\/p>\n<p style=\"text-align: justify;\">Est\u00e1 sob as responsabilidades do <strong>Coordenador Financeiro:<br \/>\n<\/strong>&#8211; Planejar, organizar, dirigir e controlar as atividades financeiras da Prefeitura;<br \/>\n&#8211; Fixar pol\u00edticas de a\u00e7\u00e3o acompanhando seu desenvolvimento, para assegurar o cumprimento dos objetivos e metas estabelecidas;<br \/>\n&#8211; Realizar o gerenciamento completo da \u00e1rea administrativa e financeira da Prefeitura, contemplando as atividades de planejamento financeiro, contas a pagar e contas a receber;<br \/>\n&#8211; Gest\u00e3o do patrim\u00f4nio da Prefeitura al\u00e9m de compras administrativas;<br \/>\n&#8211; Gerenciamento das atividades de recursos humanos;<br \/>\n&#8211; Gerenciamento das atividades de tecnologia da informa\u00e7\u00e3o e coordena\u00e7\u00e3o das atividades da tesouraria e da controladoria;<br \/>\n&#8211; Planejar, analisar e acompanhar as execu\u00e7\u00f5es or\u00e7ament\u00e1rias, de custo e estudos econ\u00f4mico-financeiros;<br \/>\n&#8211; Gerir as \u00e1reas cont\u00e1bil, financeira e fiscal;<br \/>\n&#8211; Realizar an\u00e1lise e apura\u00e7\u00e3o de impostos;<br \/>\n&#8211; Acompanhar rotinas fiscais, cont\u00e1bil, obriga\u00e7\u00f5es trabalhistas e previdenci\u00e1rias;<br \/>\n&#8211; Manter relacionamento com bancos e execu\u00e7\u00e3o das opera\u00e7\u00f5es financeiras, incluindo c\u00e2mbio, hedge e derivativos;<br \/>\n&#8211; Suporte \u00e0s \u00e1reas de neg\u00f3cios, com a cria\u00e7\u00e3o e an\u00e1lise de relat\u00f3rios gerenciais e indicadores de desempenho;<br \/>\n&#8211; Realizar estudos de viabilidade econ\u00f4mica para novos projetos e produtos, mantendo intera\u00e7\u00e3o com o departamento jur\u00eddico e de com\u00e9rcio exterior.\n\t\t<\/div>\n\t\n\t\t<div class=\"pane\">\n\t\t\n<p>&nbsp;<\/p>\n<p style=\"text-align: justify;\"><strong>Respons\u00e1vel:<\/strong> Everton Costa<\/p>\n<p><strong>Prefeitura de S\u00e3o Louren\u00e7o da Serra<\/strong><br \/>\n<strong>Endere\u00e7o:<\/strong> Pra\u00e7a 10 de Agosto, 305 &#8211; Centro<br \/>\nS\u00e3o Louren\u00e7o da Serra\/SP &#8211; CEP: 06890-000<br \/>\n<strong>Expediente:<\/strong> 8h \u00e0s 17h<br \/>\n<strong>Fone:<\/strong> (11) 4687-2700\n\t\t<\/div>\n\t\n\t\t<\/div>\n\t\n","protected":false},"excerpt":{"rendered":"","protected":false},"author":1,"featured_media":0,"parent":15,"menu_order":0,"comment_status":"closed","ping_status":"closed","template":"","meta":[],"_links":{"self":[{"href":"http:\/\/saolourencodaserra.sp.gov.br\/novo\/wp-json\/wp\/v2\/pages\/64"}],"collection":[{"href":"http:\/\/saolourencodaserra.sp.gov.br\/novo\/wp-json\/wp\/v2\/pages"}],"about":[{"href":"http:\/\/saolourencodaserra.sp.gov.br\/novo\/wp-json\/wp\/v2\/types\/page"}],"author":[{"embeddable":true,"href":"http:\/\/saolourencodaserra.sp.gov.br\/novo\/wp-json\/wp\/v2\/users\/1"}],"replies":[{"embeddable":true,"href":"http:\/\/saolourencodaserra.sp.gov.br\/novo\/wp-json\/wp\/v2\/comments?post=64"}],"version-history":[{"count":0,"href":"http:\/\/saolourencodaserra.sp.gov.br\/novo\/wp-json\/wp\/v2\/pages\/64\/revisions"}],"up":[{"embeddable":true,"href":"http:\/\/saolourencodaserra.sp.gov.br\/novo\/wp-json\/wp\/v2\/pages\/15"}],"wp:attachment":[{"href":"http:\/\/saolourencodaserra.sp.gov.br\/novo\/wp-json\/wp\/v2\/media?parent=64"}],"curies":[{"name":"wp","href":"https:\/\/api.w.org\/{rel}","templated":true}]}}