{"id":62,"date":"2017-04-09T23:53:42","date_gmt":"2017-04-10T02:53:42","guid":{"rendered":"http:\/\/saolourencodaserra.sp.gov.br\/novo\/?page_id=62"},"modified":"2024-11-21T11:13:45","modified_gmt":"2024-11-21T14:13:45","slug":"educacao-e-cultura","status":"publish","type":"page","link":"http:\/\/saolourencodaserra.sp.gov.br\/novo\/diretorias\/educacao-e-cultura\/","title":{"rendered":"Secretaria de Educa\u00e7\u00e3o"},"content":{"rendered":"<p style=\"text-align: justify;\">\n\t<script type=\"text\/javascript\">\tjQuery(document).ready(function($){\tjQuery(\"ul.tabs-nav\").tabs(\"> .pane\"); }); <\/script>\n\n\t\t<div class=\"post-tabs\">\n\t\t<ul class=\"tabs-nav\"><li>Educa\u00e7\u00e3o<\/li><li>Contato<\/li><\/ul>\n\t\t<div class=\"pane\">\n\t\tA diretoria de <strong>Educa\u00e7\u00e3o<\/strong> de S\u00e3o Louren\u00e7o da Serra\u00a0possui 14 unidades escolares. Estas unidades atendem crian\u00e7as na <strong>Educa\u00e7\u00e3o Infantil<\/strong> com as creches &#8211; <strong>de 0 a 3 anos<\/strong> &#8211; e pr\u00e9-escola &#8211; <strong>de 4 e 5 anos<\/strong> &#8211; nas s\u00e9ries iniciais do <strong>Ensino Fundamental<\/strong> e no <strong>EJA (Educa\u00e7\u00e3o de Jovens e Adultos)<\/strong>, perfazendo 1.639 alunos.<br \/>\nInvestir na qualifica\u00e7\u00e3o de seus profissionais \u00e9 preocupa\u00e7\u00e3o constante da Educa\u00e7\u00e3o. O desafio atual da administra\u00e7\u00e3o municipal \u00e9 sanar o d\u00e9ficit por vagas em creche. Para isso, a administra\u00e7\u00e3o est\u00e1 efetuando reformas e adapta\u00e7\u00f5es.<br \/>\nAl\u00e9m disso h\u00e1 uma s\u00e9rie de outras iniciativas em andamento, como o conv\u00eanio com o Bolsa Creche, que objetiva acabar com a falta de vagas para crian\u00e7as entre 0 a 4 anos.\n\t\t<\/div>\n\t\n\t\t<div class=\"pane\">\n\t\t\n<p style=\"text-align: justify;\"><strong>Respons\u00e1vel:<\/strong> Fernando Afonso Gon\u00e7alves de Melo<\/p>\n<p><strong>Prefeitura de S\u00e3o Louren\u00e7o da Serra<\/strong><br \/>\n<strong>Endere\u00e7o:<\/strong> Rua Ivone Pires Gon\u00e7alves Guimar\u00e3es, 300 &#8211; centro<br \/>\nS\u00e3o Louren\u00e7o da Serra\/SP &#8211; CEP: 06890-000<br \/>\n<strong>Expediente:<\/strong> 8h \u00e0s 17h<br \/>\n<strong>Fone:<\/strong> (11) 4687-2700\n\t\t<\/div>\n\t\n\t\t<\/div>\n\t\n<div id=\"vfb-form-12\" class=\"visual-form-builder-container\"><form id=\"educacao-e-cultura-12\" class=\"visual-form-builder vfb-form-12 \" method=\"post\" enctype=\"multipart\/form-data\">\n\t\t\t<input type=\"hidden\" name=\"form_id\" value=\"12\" \/><fieldset class=\"vfb-fieldset vfb-fieldset-1 fale-conosco-educacao-e-cultura \" id=\"item-vfb-63\"><div class=\"vfb-legend\"><h3>Fale conosco - Educa\u00e7\u00e3o e Cultura<\/h3><\/div><ul class=\"vfb-section vfb-section-1\"><li class=\"vfb-item vfb-item-text  \" id=\"item-vfb-67\"><label for=\"vfb-67\" class=\"vfb-desc\">Nome completo  <span class=\"vfb-required-asterisk\">*<\/span><\/label><input type=\"text\" name=\"vfb-67\" id=\"vfb-67\" value=\"\" class=\"vfb-text  vfb-medium  required  \" \/><\/li><li class=\"vfb-item vfb-item-text  \" id=\"item-vfb-68\"><label for=\"vfb-68\" class=\"vfb-desc\">Telefone\/Celular  <span class=\"vfb-required-asterisk\">*<\/span><\/label><input type=\"text\" name=\"vfb-68\" id=\"vfb-68\" value=\"\" class=\"vfb-text  vfb-medium  required  \" \/><\/li><li class=\"vfb-item vfb-item-email  \" id=\"item-vfb-69\"><label for=\"vfb-69\" class=\"vfb-desc\">Email <\/label><input type=\"email\" name=\"vfb-69\" id=\"vfb-69\" value=\"\" class=\"vfb-text  vfb-medium   email \" \/><\/li><li class=\"vfb-item vfb-item-textarea  \" id=\"item-vfb-70\"><label for=\"vfb-70\" class=\"vfb-desc\">Assunto  <span class=\"vfb-required-asterisk\">*<\/span><\/label><div><textarea name=\"vfb-70\" id=\"vfb-70\" class=\"vfb-textarea  vfb-medium  required \"><\/textarea><\/div><\/li><\/ul>&nbsp;<\/fieldset><fieldset class=\"vfb-fieldset vfb-fieldset-2 verificacao \" id=\"item-vfb-64\" style=\"display:block\"><div class=\"vfb-legend\"><h3>Verifica\u00e7\u00e3o<\/h3><\/div><ul class=\"vfb-section vfb-section-2\"><li class=\"vfb-item vfb-item-secret\"  style=\"display:block\"><label for=\"vfb-65\" class=\"vfb-desc\">Insira ao menos 2 d\u00edgitos<\/label><input type=\"hidden\" name=\"_vfb-required-secret\" value=\"0\" \/><input type=\"hidden\" name=\"_vfb-secret\" value=\"vfb-65\" \/><span class=\"vfb-span\"><input type=\"text\" name=\"vfb-65\" id=\"vfb-65\" value=\"\" class=\"vfb-text  vfb-medium  {digits:true,maxlength:2,minlength:2} \" style=\"display:block\" \/><label>Exemplo: 12<\/label><\/span><li style=\"display:none;\"><label>This box is for spam protection - <strong>please leave it blank<\/strong>:<\/label><div><input name=\"vfb-spam\" \/><\/div><\/li>\n\t\t\t<li class=\"vfb-item vfb-item-submit\" id=\"item-vfb-66\">\n\t\t\t\t\t\t<input type=\"submit\" name=\"vfb-submit\" id=\"vfb-66\" value=\"Enviar\" class=\"vfb-submit \" \/>\n\t\t\t\t\t\t<\/li><\/ul>\n\t\t\t<\/fieldset><input type=\"hidden\" name=\"_wp_http_referer\" value=\"\/novo\/wp-json\/wp\/v2\/pages\/62\" \/><\/form><\/div> <!-- .visual-form-builder-container -->\n","protected":false},"excerpt":{"rendered":"","protected":false},"author":1,"featured_media":0,"parent":15,"menu_order":0,"comment_status":"closed","ping_status":"closed","template":"template-blog.php","meta":[],"_links":{"self":[{"href":"http:\/\/saolourencodaserra.sp.gov.br\/novo\/wp-json\/wp\/v2\/pages\/62"}],"collection":[{"href":"http:\/\/saolourencodaserra.sp.gov.br\/novo\/wp-json\/wp\/v2\/pages"}],"about":[{"href":"http:\/\/saolourencodaserra.sp.gov.br\/novo\/wp-json\/wp\/v2\/types\/page"}],"author":[{"embeddable":true,"href":"http:\/\/saolourencodaserra.sp.gov.br\/novo\/wp-json\/wp\/v2\/users\/1"}],"replies":[{"embeddable":true,"href":"http:\/\/saolourencodaserra.sp.gov.br\/novo\/wp-json\/wp\/v2\/comments?post=62"}],"version-history":[{"count":0,"href":"http:\/\/saolourencodaserra.sp.gov.br\/novo\/wp-json\/wp\/v2\/pages\/62\/revisions"}],"up":[{"embeddable":true,"href":"http:\/\/saolourencodaserra.sp.gov.br\/novo\/wp-json\/wp\/v2\/pages\/15"}],"wp:attachment":[{"href":"http:\/\/saolourencodaserra.sp.gov.br\/novo\/wp-json\/wp\/v2\/media?parent=62"}],"curies":[{"name":"wp","href":"https:\/\/api.w.org\/{rel}","templated":true}]}}