{"id":58,"date":"2017-04-09T23:53:04","date_gmt":"2017-04-10T02:53:04","guid":{"rendered":"http:\/\/saolourencodaserra.sp.gov.br\/novo\/?page_id=58"},"modified":"2024-11-21T11:10:47","modified_gmt":"2024-11-21T14:10:47","slug":"planejamento","status":"publish","type":"page","link":"http:\/\/saolourencodaserra.sp.gov.br\/novo\/diretorias\/planejamento\/","title":{"rendered":"Secretaria de Planejamento e Coordena\u00e7\u00e3o de Programas"},"content":{"rendered":"<p style=\"text-align: justify;\">\n\t<script type=\"text\/javascript\">\tjQuery(document).ready(function($){\tjQuery(\"ul.tabs-nav\").tabs(\"> .pane\"); }); <\/script>\n\n\t\t<div class=\"post-tabs\">\n\t\t<ul class=\"tabs-nav\"><li>Planejamento<\/li><li>Contato<\/li><\/ul>\n\t\t<div class=\"pane\">\n\t\tA <strong>Diretoria de Planejamento<\/strong> \u00e9 respons\u00e1vel pela <strong>LDO<\/strong> (Lei de Diretrizes Or\u00e7ament\u00e1rias), <strong>PPA<\/strong> (Plano Plurianual) e <strong>LOA<\/strong> (Lei Or\u00e7ament\u00e1ria Anual).<\/p>\n<p style=\"text-align: justify;\">&#8211; <strong>Lei de Diretrizes Or\u00e7ament\u00e1rias (LDO)<\/strong> compreende as metas e prioridades da administra\u00e7\u00e3o p\u00fablica federal, incluindo as despesas de capital para o exerc\u00edcio financeiro subseq\u00fcente &#8211;\u00a0 orientar\u00e1 a elabora\u00e7\u00e3o da lei or\u00e7ament\u00e1ria anual, dispor\u00e1 sobre as altera\u00e7\u00f5es na legisla\u00e7\u00e3o tribut\u00e1ria e estabelecer\u00e1 a pol\u00edtica de aplica\u00e7\u00e3o das ag\u00eancias financeiras oficiais de fomento.<br \/>\n&#8211; O\u00a0<strong>Plano Plurianual\u00a0(PPA)\u00a0<\/strong>\u00e9 um plano de m\u00e9dio prazo, que estabelece as diretrizes, objetivos e metas a serem seguidos pelo\u00a0Governo Federal, Estadual ou Municipal\u00a0ao longo de um per\u00edodo de quatro anos. \u00c9 aprovado por lei quadrienal, sujeita a prazos e ritos diferenciados de tramita\u00e7\u00e3o.<\/p>\n<p style=\"text-align: justify;\">&#8211; A\u00a0<strong>Lei Or\u00e7ament\u00e1ria Anual\u00a0(LOA)<\/strong> \u00e9 uma lei elaborada pelo <strong>Poder Executivo<\/strong> que estabelece as despesas e as receitas que ser\u00e3o realizadas no pr\u00f3ximo ano. A\u00a0Constitui\u00e7\u00e3o\u00a0determina que o Or\u00e7amento deva ser votado e aprovado at\u00e9 o final de cada ano (tamb\u00e9m chamado sess\u00e3o legislativa). A <strong>Lei Or\u00e7ament\u00e1ria Anual<\/strong> estima as receitas e fixa as despesas da Prefeitura para o ano subseq\u00fcente. Se durante o exerc\u00edcio financeiro houver necessidade de realiza\u00e7\u00e3o de despesas acima do limite que est\u00e1 previsto na Lei, o\u00a0<strong>Poder Executivo\u00a0<\/strong>emite medida provis\u00f3ria, submetendo-a a aprova\u00e7\u00e3o e\u00a0solicitando cr\u00e9dito especial ou suplementar, ou nos casos especiais, emite cr\u00e9ditos extraordin\u00e1rios, sem autoriza\u00e7\u00e3o pr\u00e9via do legislativo, apenas por anu\u00eancia posterior. No caso dos cr\u00e9ditos suplementares, estes podem ser solicitados atrav\u00e9s da pr\u00f3pria <strong>LOA<\/strong>.\n\t\t<\/div>\n\t\n\t\t<div class=\"pane\">\n\t\t\n<p style=\"text-align: justify;\"><strong>Respons\u00e1vel: <\/strong>Samuel Henrique Sanae Soares<\/p>\n<p><strong>Prefeitura de S\u00e3o Louren\u00e7o da Serra<\/strong><br \/>\n<strong>Endere\u00e7o:<\/strong> Pra\u00e7a 10 de Agosto, 305 &#8211; Centro<br \/>\nS\u00e3o Louren\u00e7o da Serra &#8211; SP &#8211; CEP: 06890-000<br \/>\n<strong>Expediente:<\/strong> 8h as 17h<br \/>\n<strong>Fone:<\/strong> (11) 4687-2700\n\t\t<\/div>\n\t\n\t\t<\/div>\n\t\n<div id=\"vfb-form-10\" class=\"visual-form-builder-container\"><form id=\"planejamento-10\" class=\"visual-form-builder vfb-form-10 \" method=\"post\" enctype=\"multipart\/form-data\">\n\t\t\t<input type=\"hidden\" name=\"form_id\" value=\"10\" \/><fieldset class=\"vfb-fieldset vfb-fieldset-1 fale-conosco-diretoria-de-planejamento \" id=\"item-vfb-47\"><div class=\"vfb-legend\"><h3>Fale conosco - Diretoria de Planejamento<\/h3><\/div><ul class=\"vfb-section vfb-section-1\"><li class=\"vfb-item vfb-item-text  \" id=\"item-vfb-51\"><label for=\"vfb-51\" class=\"vfb-desc\">Nome completo  <span class=\"vfb-required-asterisk\">*<\/span><\/label><input type=\"text\" name=\"vfb-51\" id=\"vfb-51\" value=\"\" class=\"vfb-text  vfb-medium  required  \" \/><\/li><li class=\"vfb-item vfb-item-text  \" id=\"item-vfb-52\"><label for=\"vfb-52\" class=\"vfb-desc\">Telefone\/Celular  <span class=\"vfb-required-asterisk\">*<\/span><\/label><input type=\"text\" name=\"vfb-52\" id=\"vfb-52\" value=\"\" class=\"vfb-text  vfb-medium  required  \" \/><\/li><li class=\"vfb-item vfb-item-email  \" id=\"item-vfb-53\"><label for=\"vfb-53\" class=\"vfb-desc\">Email <\/label><input type=\"email\" name=\"vfb-53\" id=\"vfb-53\" value=\"\" class=\"vfb-text  vfb-medium   email \" \/><\/li><li class=\"vfb-item vfb-item-textarea  \" id=\"item-vfb-54\"><label for=\"vfb-54\" class=\"vfb-desc\">Assunto  <span class=\"vfb-required-asterisk\">*<\/span><\/label><div><textarea name=\"vfb-54\" id=\"vfb-54\" class=\"vfb-textarea  vfb-medium  required \"><\/textarea><\/div><\/li><\/ul>&nbsp;<\/fieldset><fieldset class=\"vfb-fieldset vfb-fieldset-2 verificacao \" id=\"item-vfb-48\" style=\"display:block\"><div class=\"vfb-legend\"><h3>Verifica\u00e7\u00e3o<\/h3><\/div><ul class=\"vfb-section vfb-section-2\"><li class=\"vfb-item vfb-item-secret\"  style=\"display:block\"><label for=\"vfb-49\" class=\"vfb-desc\">Insira ao menos 2 d\u00edgitos<\/label><input type=\"hidden\" name=\"_vfb-required-secret\" value=\"0\" \/><input type=\"hidden\" name=\"_vfb-secret\" value=\"vfb-49\" \/><span class=\"vfb-span\"><input type=\"text\" name=\"vfb-49\" id=\"vfb-49\" value=\"\" class=\"vfb-text  vfb-medium  {digits:true,maxlength:2,minlength:2} \" style=\"display:block\" \/><label>Exemplo: 12<\/label><\/span><li style=\"display:none;\"><label>This box is for spam protection - <strong>please leave it blank<\/strong>:<\/label><div><input name=\"vfb-spam\" \/><\/div><\/li>\n\t\t\t<li class=\"vfb-item vfb-item-submit\" id=\"item-vfb-50\">\n\t\t\t\t\t\t<input type=\"submit\" name=\"vfb-submit\" id=\"vfb-50\" value=\"Enviar\" class=\"vfb-submit \" \/>\n\t\t\t\t\t\t<\/li><\/ul>\n\t\t\t<\/fieldset><input type=\"hidden\" name=\"_wp_http_referer\" value=\"\/novo\/wp-json\/wp\/v2\/pages\/58\" \/><\/form><\/div> <!-- .visual-form-builder-container -->\n","protected":false},"excerpt":{"rendered":"","protected":false},"author":1,"featured_media":0,"parent":15,"menu_order":0,"comment_status":"closed","ping_status":"closed","template":"","meta":[],"_links":{"self":[{"href":"http:\/\/saolourencodaserra.sp.gov.br\/novo\/wp-json\/wp\/v2\/pages\/58"}],"collection":[{"href":"http:\/\/saolourencodaserra.sp.gov.br\/novo\/wp-json\/wp\/v2\/pages"}],"about":[{"href":"http:\/\/saolourencodaserra.sp.gov.br\/novo\/wp-json\/wp\/v2\/types\/page"}],"author":[{"embeddable":true,"href":"http:\/\/saolourencodaserra.sp.gov.br\/novo\/wp-json\/wp\/v2\/users\/1"}],"replies":[{"embeddable":true,"href":"http:\/\/saolourencodaserra.sp.gov.br\/novo\/wp-json\/wp\/v2\/comments?post=58"}],"version-history":[{"count":0,"href":"http:\/\/saolourencodaserra.sp.gov.br\/novo\/wp-json\/wp\/v2\/pages\/58\/revisions"}],"up":[{"embeddable":true,"href":"http:\/\/saolourencodaserra.sp.gov.br\/novo\/wp-json\/wp\/v2\/pages\/15"}],"wp:attachment":[{"href":"http:\/\/saolourencodaserra.sp.gov.br\/novo\/wp-json\/wp\/v2\/media?parent=58"}],"curies":[{"name":"wp","href":"https:\/\/api.w.org\/{rel}","templated":true}]}}