{"id":54,"date":"2017-04-09T23:52:19","date_gmt":"2017-04-10T02:52:19","guid":{"rendered":"http:\/\/saolourencodaserra.sp.gov.br\/novo\/?page_id=54"},"modified":"2024-10-25T15:45:35","modified_gmt":"2024-10-25T18:45:35","slug":"esportes-e-turismo","status":"publish","type":"page","link":"http:\/\/saolourencodaserra.sp.gov.br\/novo\/diretorias\/esportes-e-turismo\/","title":{"rendered":"Secretaria de Esportes"},"content":{"rendered":"<p style=\"text-align: justify;\">\n\t<script type=\"text\/javascript\">\tjQuery(document).ready(function($){\tjQuery(\"ul.tabs-nav\").tabs(\"> .pane\"); }); <\/script>\n\n\t\t<div class=\"post-tabs\">\n\t\t<ul class=\"tabs-nav\"><li>Esportes<\/li><li>Turismo<\/li><li>Cultura<\/li><li>Contato<\/li><\/ul>\n\t\t<div class=\"pane\">\n\t\tNo \u00e2mbito dos <strong>Esportes<\/strong> esta diretoria organiza, desenvolve, controla e avalia programas, projetos e a\u00e7\u00f5es relacionados a atividades f\u00edsica, esportiva e de lazer, norteadas pelo princ\u00edpio da inclus\u00e3o social, voltado \u00e0 melhoria da qualidade de vida de crian\u00e7as, adolescentes, adultos e idosos.<br \/>\nAs atividades s\u00e3o desenvolvidas nos centros comunit\u00e1rios e pra\u00e7as esportivas, planejadas de forma a minimizar as dificuldades de acesso e otimizar os espa\u00e7os e recursos humanos, garantindo dessa forma a plena participa\u00e7\u00e3o de todas as pessoas.<br \/>\nComo eixos norteadores das v\u00e1rias atividades desenvolvidas, a \u00eanfase \u00e9 dada ao esporte educacional, seguido do esporte de participa\u00e7\u00e3o e lazer e do esporte de rendimento.<br \/>\nOutros programas como atendimento \u00e0s pessoas com defici\u00eancias e ao idoso est\u00e3o em desenvolvimento.<br \/>\nA vis\u00e3o do esporte estabelecida est\u00e1 alinhada ao Programa de Governo &#8211; dando \u00eanfase ao esporte educacional, bem como contemplando o esporte de participa\u00e7\u00e3o e lazer &#8211; se apresenta como importante ferramenta para alavancar conviv\u00eancia e desenvolvimento da pessoa em toda a sua plenitude.\n\t\t<\/div>\n\t\n\t\t<div class=\"pane\">\n\t\tA gest\u00e3o do <strong>Turismo<\/strong> em nosso munic\u00edpio tem como atribui\u00e7\u00f5es principais:<br \/>\n&#8211; Propor pol\u00edticas e estrat\u00e9gias para o desenvolvimento econ\u00f4mico, social e do turismo para o munic\u00edpio;<br \/>\n&#8211; Criar programas de fomento \u00e0s atividades industriais, comerciais e atividades tur\u00edsticas compat\u00edveis com a voca\u00e7\u00e3o da economia local;<br \/>\n&#8211; Incentivar e orientar a forma\u00e7\u00e3o de associa\u00e7\u00f5es e outras modalidades de organiza\u00e7\u00e3o;<br \/>\n&#8211; Articular-se com organismos p\u00fablicos e privados, para o busca de incentivos e recursos;<br \/>\n&#8211; Manter interc\u00e2mbio com entidades nacionais e internacionais;<br \/>\n&#8211; Promover o cadastramento das fontes de recursos para o desenvolvimento.\n\t\t<\/div>\n\t\n\t\t<div class=\"pane\">\n\t\tA diretoria de <strong>Cultura<\/strong> \u00e9 respons\u00e1vel pela articula\u00e7\u00e3o e coordena\u00e7\u00e3o de pol\u00edticas culturais. Incentivar, apoiar, fomentar e difundir a cultura em todas as suas formas de manifesta\u00e7\u00e3o, \u00e9 o que a diretoria realiza por meio de suas atividades, projetos, programas e eventos.<br \/>\nHoje a pasta da <strong>Cultura<\/strong> possui as divis\u00f5es:<br \/>\n&#8211; Departamento de Cultura;<br \/>\n&#8211; Departamento de forma\u00e7\u00e3o para as artes.\n\t\t<\/div>\n\t\n\t\t<div class=\"pane\">\n\t\t\n<p style=\"text-align: justify;\"><strong>Respons\u00e1vel:<\/strong> Antonio Carlos de Oliveira<\/p>\n<p><strong>Prefeitura de S\u00e3o Louren\u00e7o da Serra<\/strong><br \/>\n<strong>Endere\u00e7o:<\/strong> Pra\u00e7a 10 de Agosto, 305 &#8211; Centro<br \/>\nS\u00e3o Louren\u00e7o da Serra\/SP &#8211; CEP: 06890-000<br \/>\n<strong>Expediente:<\/strong> 8h \u00e0s 17h<br \/>\n<strong>Fone:<\/strong> \/\/(11) 4686-1881 \/ (11) 4687-2700<\/p>\n<p style=\"text-align: justify;\">\n\t\t<\/div>\n\t\n\t\t<\/div>\n\t\n<div id=\"vfb-form-1\" class=\"visual-form-builder-container\"><form id=\"esportes-e-turismo-1\" class=\"visual-form-builder vfb-form-1 \" method=\"post\" enctype=\"multipart\/form-data\">\n\t\t\t<input type=\"hidden\" name=\"form_id\" value=\"1\" \/><fieldset class=\"vfb-fieldset vfb-fieldset-1 fale-conosco-diretoria-de-esportes-e-turismo \" id=\"item-vfb-1\"><div class=\"vfb-legend\"><h3>Fale conosco - Diretoria de Esportes e Turismo<\/h3><\/div><ul class=\"vfb-section vfb-section-1\"><li class=\"vfb-item vfb-item-text  \" id=\"item-vfb-33\"><label for=\"vfb-33\" class=\"vfb-desc\">Nome completo  <span class=\"vfb-required-asterisk\">*<\/span><\/label><input type=\"text\" name=\"vfb-33\" id=\"vfb-33\" value=\"\" class=\"vfb-text  vfb-medium  required  \" \/><\/li><li class=\"vfb-item vfb-item-text  \" id=\"item-vfb-34\"><label for=\"vfb-34\" class=\"vfb-desc\">Telefone\/Celular  <span class=\"vfb-required-asterisk\">*<\/span><\/label><input type=\"text\" name=\"vfb-34\" id=\"vfb-34\" value=\"\" class=\"vfb-text  vfb-medium  required  \" \/><\/li><li class=\"vfb-item vfb-item-email  \" id=\"item-vfb-35\"><label for=\"vfb-35\" class=\"vfb-desc\">Email <\/label><input type=\"email\" name=\"vfb-35\" id=\"vfb-35\" value=\"\" class=\"vfb-text  vfb-medium   email \" \/><\/li><li class=\"vfb-item vfb-item-textarea  \" id=\"item-vfb-36\"><label for=\"vfb-36\" class=\"vfb-desc\">Assunto  <span class=\"vfb-required-asterisk\">*<\/span><\/label><div><textarea name=\"vfb-36\" id=\"vfb-36\" class=\"vfb-textarea  vfb-medium  required \"><\/textarea><\/div><\/li><\/ul>&nbsp;<\/fieldset><fieldset class=\"vfb-fieldset vfb-fieldset-2 verificacao \" id=\"item-vfb-2\" style=\"display:block\"><div class=\"vfb-legend\"><h3>Verifica\u00e7\u00e3o<\/h3><\/div><ul class=\"vfb-section vfb-section-2\"><li class=\"vfb-item vfb-item-secret\"  style=\"display:block\"><label for=\"vfb-3\" class=\"vfb-desc\">Insira ao menos 2 d\u00edgitos<\/label><input type=\"hidden\" name=\"_vfb-required-secret\" value=\"0\" \/><input type=\"hidden\" name=\"_vfb-secret\" value=\"vfb-3\" \/><span class=\"vfb-span\"><input type=\"text\" name=\"vfb-3\" id=\"vfb-3\" value=\"\" class=\"vfb-text  vfb-medium  {digits:true,maxlength:2,minlength:2} \" style=\"display:block\" \/><label>Exemplo: 12<\/label><\/span><li style=\"display:none;\"><label>This box is for spam protection - <strong>please leave it blank<\/strong>:<\/label><div><input name=\"vfb-spam\" \/><\/div><\/li>\n\t\t\t<li class=\"vfb-item vfb-item-submit\" id=\"item-vfb-4\">\n\t\t\t\t\t\t<input type=\"submit\" name=\"vfb-submit\" id=\"vfb-4\" value=\"Enviar\" class=\"vfb-submit \" \/>\n\t\t\t\t\t\t<\/li><\/ul>\n\t\t\t<\/fieldset><input type=\"hidden\" name=\"_wp_http_referer\" value=\"\/novo\/wp-json\/wp\/v2\/pages\/54\" \/><\/form><\/div> <!-- .visual-form-builder-container -->\n","protected":false},"excerpt":{"rendered":"","protected":false},"author":1,"featured_media":0,"parent":15,"menu_order":0,"comment_status":"closed","ping_status":"closed","template":"template-blog.php","meta":[],"_links":{"self":[{"href":"http:\/\/saolourencodaserra.sp.gov.br\/novo\/wp-json\/wp\/v2\/pages\/54"}],"collection":[{"href":"http:\/\/saolourencodaserra.sp.gov.br\/novo\/wp-json\/wp\/v2\/pages"}],"about":[{"href":"http:\/\/saolourencodaserra.sp.gov.br\/novo\/wp-json\/wp\/v2\/types\/page"}],"author":[{"embeddable":true,"href":"http:\/\/saolourencodaserra.sp.gov.br\/novo\/wp-json\/wp\/v2\/users\/1"}],"replies":[{"embeddable":true,"href":"http:\/\/saolourencodaserra.sp.gov.br\/novo\/wp-json\/wp\/v2\/comments?post=54"}],"version-history":[{"count":0,"href":"http:\/\/saolourencodaserra.sp.gov.br\/novo\/wp-json\/wp\/v2\/pages\/54\/revisions"}],"up":[{"embeddable":true,"href":"http:\/\/saolourencodaserra.sp.gov.br\/novo\/wp-json\/wp\/v2\/pages\/15"}],"wp:attachment":[{"href":"http:\/\/saolourencodaserra.sp.gov.br\/novo\/wp-json\/wp\/v2\/media?parent=54"}],"curies":[{"name":"wp","href":"https:\/\/api.w.org\/{rel}","templated":true}]}}