{"id":445,"date":"2017-04-28T23:10:51","date_gmt":"2017-04-29T02:10:51","guid":{"rendered":"http:\/\/saolourencodaserra.sp.gov.br\/novo\/?page_id=445"},"modified":"2025-11-17T09:23:31","modified_gmt":"2025-11-17T12:23:31","slug":"chefe-de-gabinete","status":"publish","type":"page","link":"http:\/\/saolourencodaserra.sp.gov.br\/novo\/chefe-de-gabinete\/","title":{"rendered":"Chefe de Gabinete"},"content":{"rendered":"<h3>Chefe de Gabinete<\/h3>\n\n\t<script type=\"text\/javascript\">\tjQuery(document).ready(function($){\tjQuery(\"ul.tabs-nav\").tabs(\"> .pane\"); }); <\/script>\n\n\t\t<div class=\"post-tabs\">\n\t\t<ul class=\"tabs-nav\"><li>Gabinete<\/li><li>Contato<\/li><\/ul>\n\t\t<div class=\"pane\">\n\t\t<span id=\"cch_f1eec022d365bba\" class=\"_mh6 _wsc\"><span class=\"_3oh- _58nk\">Assessora e d\u00e1 suporte direto a atua\u00e7\u00e3o do <strong>Chefe do Poder Executivo Municipal<\/strong> al\u00e9m de acompanhar, receber e conduzir autoridades em miss\u00e3o oficial ao munic\u00edpio, manter a interliga\u00e7\u00e3o do Executivo com o p\u00fablico em geral e as demais institui\u00e7\u00f5es.<\/span><\/span>\n\t\t<\/div>\n\t\n\t\t<div class=\"pane\">\n\t\t<strong>Respons\u00e1vel:<\/strong><br \/>\n<strong>Endere\u00e7o:<\/strong> Pra\u00e7a 10 de Agosto, 305 &#8211; Centro<br \/>\nS\u00e3o Louren\u00e7o da Serra\/SP &#8211; CEP: 06890-000<br \/>\n<strong>Expediente:<\/strong> 8h \u00e0s 17h<br \/>\n<strong>Fone:<\/strong> (11) 4687-2700\n\t\t<\/div>\n\t\n\t\t<\/div>\n\t\n<div id=\"vfb-form-20\" class=\"visual-form-builder-container\"><form id=\"gabinete-20\" class=\"visual-form-builder vfb-form-20 \" method=\"post\" enctype=\"multipart\/form-data\">\n\t\t\t<input type=\"hidden\" name=\"form_id\" value=\"20\" \/><fieldset class=\"vfb-fieldset vfb-fieldset-1 gabinete \" id=\"item-vfb-130\"><div class=\"vfb-legend\"><h3>Gabinete<\/h3><\/div><ul class=\"vfb-section vfb-section-1\"><li class=\"vfb-item vfb-item-text  \" id=\"item-vfb-134\"><label for=\"vfb-134\" class=\"vfb-desc\">Nome completo  <span class=\"vfb-required-asterisk\">*<\/span><\/label><input type=\"text\" name=\"vfb-134\" id=\"vfb-134\" value=\"\" class=\"vfb-text  vfb-medium  required  \" \/><\/li><li class=\"vfb-item vfb-item-text  \" id=\"item-vfb-135\"><label for=\"vfb-135\" class=\"vfb-desc\">Telefone\/Celular  <span class=\"vfb-required-asterisk\">*<\/span><\/label><input type=\"text\" name=\"vfb-135\" id=\"vfb-135\" value=\"\" class=\"vfb-text  vfb-medium  required  \" \/><\/li><li class=\"vfb-item vfb-item-email  \" id=\"item-vfb-136\"><label for=\"vfb-136\" class=\"vfb-desc\">Email <\/label><input type=\"email\" name=\"vfb-136\" id=\"vfb-136\" value=\"\" class=\"vfb-text  vfb-medium   email \" \/><\/li><li class=\"vfb-item vfb-item-text  \" id=\"item-vfb-137\"><label for=\"vfb-137\" class=\"vfb-desc\">Assunto <\/label><input type=\"text\" name=\"vfb-137\" id=\"vfb-137\" value=\"\" class=\"vfb-text  vfb-medium   \" \/><\/li><li class=\"vfb-item vfb-item-textarea  \" id=\"item-vfb-138\"><label for=\"vfb-138\" class=\"vfb-desc\">O que deseja?  <span class=\"vfb-required-asterisk\">*<\/span><\/label><div><textarea name=\"vfb-138\" id=\"vfb-138\" class=\"vfb-textarea  vfb-medium  required \"><\/textarea><\/div><\/li><\/ul>&nbsp;<\/fieldset><fieldset class=\"vfb-fieldset vfb-fieldset-2 verificacao \" id=\"item-vfb-131\" style=\"display:block\"><div class=\"vfb-legend\"><h3>Verifica\u00e7\u00e3o<\/h3><\/div><ul class=\"vfb-section vfb-section-2\"><li class=\"vfb-item vfb-item-secret\"  style=\"display:block\"><label for=\"vfb-132\" class=\"vfb-desc\">Insira ao menos 2 d\u00edgitos<\/label><input type=\"hidden\" name=\"_vfb-required-secret\" value=\"0\" \/><input type=\"hidden\" name=\"_vfb-secret\" value=\"vfb-132\" \/><span class=\"vfb-span\"><input type=\"text\" name=\"vfb-132\" id=\"vfb-132\" value=\"\" class=\"vfb-text  vfb-medium  {digits:true,maxlength:2,minlength:2} \" style=\"display:block\" \/><label>Exemplo: 12<\/label><\/span><li style=\"display:none;\"><label>This box is for spam protection - <strong>please leave it blank<\/strong>:<\/label><div><input name=\"vfb-spam\" \/><\/div><\/li>\n\t\t\t<li class=\"vfb-item vfb-item-submit\" id=\"item-vfb-133\">\n\t\t\t\t\t\t<input type=\"submit\" name=\"vfb-submit\" id=\"vfb-133\" value=\"Enviar\" class=\"vfb-submit \" \/>\n\t\t\t\t\t\t<\/li><\/ul>\n\t\t\t<\/fieldset><input type=\"hidden\" name=\"_wp_http_referer\" value=\"\/novo\/wp-json\/wp\/v2\/pages\/445\" \/><\/form><\/div> <!-- .visual-form-builder-container -->\n","protected":false},"excerpt":{"rendered":"<p>Chefe de Gabinete<\/p>\n","protected":false},"author":1,"featured_media":0,"parent":0,"menu_order":0,"comment_status":"closed","ping_status":"closed","template":"","meta":[],"_links":{"self":[{"href":"http:\/\/saolourencodaserra.sp.gov.br\/novo\/wp-json\/wp\/v2\/pages\/445"}],"collection":[{"href":"http:\/\/saolourencodaserra.sp.gov.br\/novo\/wp-json\/wp\/v2\/pages"}],"about":[{"href":"http:\/\/saolourencodaserra.sp.gov.br\/novo\/wp-json\/wp\/v2\/types\/page"}],"author":[{"embeddable":true,"href":"http:\/\/saolourencodaserra.sp.gov.br\/novo\/wp-json\/wp\/v2\/users\/1"}],"replies":[{"embeddable":true,"href":"http:\/\/saolourencodaserra.sp.gov.br\/novo\/wp-json\/wp\/v2\/comments?post=445"}],"version-history":[{"count":0,"href":"http:\/\/saolourencodaserra.sp.gov.br\/novo\/wp-json\/wp\/v2\/pages\/445\/revisions"}],"wp:attachment":[{"href":"http:\/\/saolourencodaserra.sp.gov.br\/novo\/wp-json\/wp\/v2\/media?parent=445"}],"curies":[{"name":"wp","href":"https:\/\/api.w.org\/{rel}","templated":true}]}}