{"id":3680,"date":"2020-07-10T11:16:02","date_gmt":"2020-07-10T14:16:02","guid":{"rendered":"http:\/\/saolourencodaserra.sp.gov.br\/novo\/?page_id=3680"},"modified":"2024-04-12T09:14:54","modified_gmt":"2024-04-12T12:14:54","slug":"recursos-humanos","status":"publish","type":"page","link":"http:\/\/saolourencodaserra.sp.gov.br\/novo\/recursos-humanos\/","title":{"rendered":"Recursos Humanos"},"content":{"rendered":"<p><span style=\"font-size: 20px;\"><strong>Departamento de Recurso Humanos (<span style=\"font-size: 16px;\">documentos \u00fateis)<\/span><\/strong><\/span><\/p>\n<p>Clique em cima do link que desejado para fazer o download do arquivo!<\/p>\n<p>&nbsp;<\/p>\n<p><a href=\"http:\/\/saolourencodaserra.sp.gov.br\/novo\/wp-content\/uploads\/2024\/04\/Requerimentos-Ferias.pdf\">Requerimentos Ferias<\/a><\/p>\n<p>(Solicita\u00e7\u00e3o de F\u00e9rias)<\/p>\n<p>&nbsp;<\/p>\n<p><a href=\"http:\/\/saolourencodaserra.sp.gov.br\/novo\/wp-content\/uploads\/2023\/05\/Requerimentos-Protocolo-RH.pdf\">Requerimento<\/a><\/p>\n<p>(Licen\u00e7a gestante, Licen\u00e7a Nojo, Licen\u00e7a Gala, Abono de Falta, Levantamentos.<\/p>\n<p>&nbsp;<\/p>\n<p>&nbsp;<\/p>\n","protected":false},"excerpt":{"rendered":"<p>Departamento de Recurso Humanos (documentos \u00fateis) Clique em cima do link que desejado para fazer o download do arquivo! &nbsp; Requerimentos Ferias (Solicita\u00e7\u00e3o de F\u00e9rias) &nbsp; Requerimento (Licen\u00e7a gestante, Licen\u00e7a Nojo, Licen\u00e7a Gala, Abono de Falta, Levantamentos. &nbsp; &nbsp;<\/p>\n","protected":false},"author":1,"featured_media":0,"parent":0,"menu_order":0,"comment_status":"closed","ping_status":"closed","template":"","meta":[],"_links":{"self":[{"href":"http:\/\/saolourencodaserra.sp.gov.br\/novo\/wp-json\/wp\/v2\/pages\/3680"}],"collection":[{"href":"http:\/\/saolourencodaserra.sp.gov.br\/novo\/wp-json\/wp\/v2\/pages"}],"about":[{"href":"http:\/\/saolourencodaserra.sp.gov.br\/novo\/wp-json\/wp\/v2\/types\/page"}],"author":[{"embeddable":true,"href":"http:\/\/saolourencodaserra.sp.gov.br\/novo\/wp-json\/wp\/v2\/users\/1"}],"replies":[{"embeddable":true,"href":"http:\/\/saolourencodaserra.sp.gov.br\/novo\/wp-json\/wp\/v2\/comments?post=3680"}],"version-history":[{"count":0,"href":"http:\/\/saolourencodaserra.sp.gov.br\/novo\/wp-json\/wp\/v2\/pages\/3680\/revisions"}],"wp:attachment":[{"href":"http:\/\/saolourencodaserra.sp.gov.br\/novo\/wp-json\/wp\/v2\/media?parent=3680"}],"curies":[{"name":"wp","href":"https:\/\/api.w.org\/{rel}","templated":true}]}}