{"id":217,"date":"2017-04-21T04:08:04","date_gmt":"2017-04-21T07:08:04","guid":{"rendered":"http:\/\/saolourencodaserra.sp.gov.br\/novo\/?page_id=217"},"modified":"2017-04-21T04:08:33","modified_gmt":"2017-04-21T07:08:33","slug":"programa-de-resposta-eletronica","status":"publish","type":"page","link":"http:\/\/saolourencodaserra.sp.gov.br\/novo\/programa-de-resposta-eletronica\/","title":{"rendered":"Programa de Resposta Eletr\u00f4nica"},"content":{"rendered":"<h3 style=\"text-align: justify;\">Programa de Resposta Eletr\u00f4nica<\/h3>\n<p style=\"text-align: justify;\">Instru\u00e7\u00f5es para download do Programa de Resposta Eletr\u00f4nica de Licita\u00e7\u00f5es:<br \/>\n1 &#8211; Baixe o programa, <a href=\"https:\/\/drive.google.com\/open?id=0BxreoP1mbr9OOFh0Vl9LUk9iaW8\" target=\"_blank\" rel=\"noopener noreferrer\"><strong>clicando aqui (resposta.exe)<\/strong><\/a>;<br \/>\n2 &#8211; Execute o arquivo <em><strong>&#8220;resposta.exe&#8221;<\/strong><\/em> para iniciar a instala\u00e7\u00e3o, avance at\u00e9 concluir.<\/p>\n<p style=\"text-align: justify;\">Solicite pelo telefone <strong>11 4687-1041<\/strong> o envio do arquivo para resposta referente ao Processo desejado.<\/p>\n<p style=\"text-align: justify;\"><strong>Funcionalidades do sistema:<\/strong><br \/>\n<strong>Cadastrar Empresa:<\/strong> nesta op\u00e7\u00e3o dever\u00e3o ser digitadas informa\u00e7\u00f5es sobre a empresa. O preenchimento dessas informa\u00e7\u00f5es \u00e9 obrigat\u00f3rio para que as outras op\u00e7\u00f5es do menu possam ser utilizadas.<br \/>\n<strong>Importar Processo:<\/strong> esta op\u00e7\u00e3o \u00e9 utilizada para que os dados dos processos de compra sejam gravados no banco de dados do sistema, a partir dos arquivos fornecidos pelos \u00f3rg\u00e3os p\u00fablicos (*.sia).<br \/>\n<strong>Responder Processo:<\/strong> por meio desta op\u00e7\u00e3o dever\u00e3o ser informados o valor unit\u00e1rio, a marca e outras informa\u00e7\u00f5es para cada item do processo de compra.<br \/>\n<strong>Imprimir Anexo I:<\/strong> esta op\u00e7\u00e3o gera um relat\u00f3rio com a proposta comercial que dever\u00e1 ser entregue ao \u00f3rg\u00e3o p\u00fablico, podendo tamb\u00e9m ser impresso para confer\u00eancia dos valores informados.<br \/>\n<strong>Exportar Processo:<\/strong> esta op\u00e7\u00e3o cria um arquivo contendo os dados da empresa e os valores informados para o processo. Este arquivo deve ser entregue ao \u00f3rg\u00e3o p\u00fablico. (arquivo com extens\u00e3o *.ret)\u200f<\/p>\n<p style=\"text-align: justify;\">Ao acionar o \u00edcone de ajuda <strong>(?)<\/strong> dispon\u00edvel no <strong>Programa de Resposta Eletr\u00f4nica<\/strong>, selecione a op\u00e7\u00e3o desejada e em seguida selecione <em><strong>&#8220;exibir&#8221;<\/strong><\/em>, o sistema emite esclarecimentos quanto a utiliza\u00e7\u00e3o do programa.<\/p>\n","protected":false},"excerpt":{"rendered":"<p>Programa de Resposta Eletr\u00f4nica Instru\u00e7\u00f5es para download do Programa de Resposta Eletr\u00f4nica de Licita\u00e7\u00f5es: 1 &#8211; Baixe o programa, clicando aqui (resposta.exe); 2 &#8211; Execute o arquivo &#8220;resposta.exe&#8221; para iniciar a instala\u00e7\u00e3o, avance at\u00e9 concluir. Solicite pelo telefone 11 4687-1041 o envio do arquivo para resposta referente ao Processo desejado. Funcionalidades do sistema: Cadastrar Empresa: &#8230;<\/p>\n","protected":false},"author":1,"featured_media":0,"parent":0,"menu_order":0,"comment_status":"closed","ping_status":"closed","template":"","meta":[],"_links":{"self":[{"href":"http:\/\/saolourencodaserra.sp.gov.br\/novo\/wp-json\/wp\/v2\/pages\/217"}],"collection":[{"href":"http:\/\/saolourencodaserra.sp.gov.br\/novo\/wp-json\/wp\/v2\/pages"}],"about":[{"href":"http:\/\/saolourencodaserra.sp.gov.br\/novo\/wp-json\/wp\/v2\/types\/page"}],"author":[{"embeddable":true,"href":"http:\/\/saolourencodaserra.sp.gov.br\/novo\/wp-json\/wp\/v2\/users\/1"}],"replies":[{"embeddable":true,"href":"http:\/\/saolourencodaserra.sp.gov.br\/novo\/wp-json\/wp\/v2\/comments?post=217"}],"version-history":[{"count":0,"href":"http:\/\/saolourencodaserra.sp.gov.br\/novo\/wp-json\/wp\/v2\/pages\/217\/revisions"}],"wp:attachment":[{"href":"http:\/\/saolourencodaserra.sp.gov.br\/novo\/wp-json\/wp\/v2\/media?parent=217"}],"curies":[{"name":"wp","href":"https:\/\/api.w.org\/{rel}","templated":true}]}}